{"id":10,"date":"2025-05-17T15:56:42","date_gmt":"2025-05-17T13:56:42","guid":{"rendered":"http:\/\/ihnnsah.cluster100.hosting.ovh.net\/?page_id=10"},"modified":"2025-09-24T15:54:13","modified_gmt":"2025-09-24T13:54:13","slug":"a-propos","status":"publish","type":"page","link":"https:\/\/www.grouzavic.com\/index.php\/a-propos\/","title":{"rendered":"A propos"},"content":{"rendered":"<style>.kadence-column10_df8379-8d > .kt-inside-inner-col,.kadence-column10_df8379-8d > .kt-inside-inner-col:before{border-top-left-radius:0px;border-top-right-radius:0px;border-bottom-right-radius:0px;border-bottom-left-radius:0px;}.kadence-column10_df8379-8d > .kt-inside-inner-col{column-gap:var(--global-kb-gap-sm, 1rem);}.kadence-column10_df8379-8d > .kt-inside-inner-col{flex-direction:column;}.kadence-column10_df8379-8d > .kt-inside-inner-col > .aligncenter{width:100%;}.kadence-column10_df8379-8d > .kt-inside-inner-col:before{opacity:0.3;}.kadence-column10_df8379-8d{position:relative;}@media all and (max-width: 1024px){.kadence-column10_df8379-8d > .kt-inside-inner-col{flex-direction:column;justify-content:center;}}@media all and (max-width: 767px){.kadence-column10_df8379-8d > .kt-inside-inner-col{flex-direction:column;justify-content:center;}}<\/style>\n<div class=\"wp-block-kadence-column kadence-column10_df8379-8d\"><div class=\"kt-inside-inner-col\"><style>.kadence-column10_d64107-53 > .kt-inside-inner-col,.kadence-column10_d64107-53 > .kt-inside-inner-col:before{border-top-left-radius:0px;border-top-right-radius:0px;border-bottom-right-radius:0px;border-bottom-left-radius:0px;}.kadence-column10_d64107-53 > .kt-inside-inner-col{column-gap:var(--global-kb-gap-sm, 1rem);}.kadence-column10_d64107-53 > .kt-inside-inner-col{flex-direction:column;}.kadence-column10_d64107-53 > .kt-inside-inner-col > .aligncenter{width:100%;}.kadence-column10_d64107-53 > .kt-inside-inner-col{background-color:var(--global-palette9, #ffffff);}.kadence-column10_d64107-53 > .kt-inside-inner-col:before{opacity:0.3;}.kadence-column10_d64107-53{position:relative;}@media all and (max-width: 1024px){.kadence-column10_d64107-53 > .kt-inside-inner-col{flex-direction:column;justify-content:center;}}@media all and (max-width: 767px){.kadence-column10_d64107-53 > .kt-inside-inner-col{flex-direction:column;justify-content:center;}}<\/style>\n<div class=\"wp-block-kadence-column kadence-column10_d64107-53\"><div class=\"kt-inside-inner-col\"><style>.kadence-column10_d1b379-70 > .kt-inside-inner-col{padding-top:var(--global-kb-spacing-sm, 1.5rem);}.kadence-column10_d1b379-70 > .kt-inside-inner-col,.kadence-column10_d1b379-70 > .kt-inside-inner-col:before{border-top-left-radius:0px;border-top-right-radius:0px;border-bottom-right-radius:0px;border-bottom-left-radius:0px;}.kadence-column10_d1b379-70 > .kt-inside-inner-col{column-gap:var(--global-kb-gap-sm, 1rem);}.kadence-column10_d1b379-70 > .kt-inside-inner-col{flex-direction:column;}.kadence-column10_d1b379-70 > .kt-inside-inner-col > .aligncenter{width:100%;}.kadence-column10_d1b379-70 > .kt-inside-inner-col{background-color:var(--global-palette9, #ffffff);}.kadence-column10_d1b379-70 > .kt-inside-inner-col:before{opacity:0.3;}.kadence-column10_d1b379-70{position:relative;}@media all and (max-width: 1024px){.kadence-column10_d1b379-70 > .kt-inside-inner-col{flex-direction:column;justify-content:center;}}@media all and (max-width: 767px){.kadence-column10_d1b379-70 > .kt-inside-inner-col{flex-direction:column;justify-content:center;}}<\/style>\n<div class=\"wp-block-kadence-column kadence-column10_d1b379-70\"><div class=\"kt-inside-inner-col\"><\/div><\/div>\n<\/div><\/div>\n<\/div><\/div>\n\n\n<style>.kadence-column10_75e95c-13 > .kt-inside-inner-col{padding-top:0px;}.kadence-column10_75e95c-13 > .kt-inside-inner-col,.kadence-column10_75e95c-13 > .kt-inside-inner-col:before{border-top-left-radius:20px;border-top-right-radius:20px;border-bottom-right-radius:20px;border-bottom-left-radius:20px;}.kadence-column10_75e95c-13 > .kt-inside-inner-col{column-gap:var(--global-kb-gap-sm, 1rem);}.kadence-column10_75e95c-13 > .kt-inside-inner-col{flex-direction:column;}.kadence-column10_75e95c-13 > .kt-inside-inner-col > .aligncenter{width:100%;}.kadence-column10_75e95c-13 > .kt-inside-inner-col{background-color:var(--global-palette1, #3182CE);}.kadence-column10_75e95c-13 > .kt-inside-inner-col:before{opacity:0.3;}.kadence-column10_75e95c-13{position:relative;}@media all and (max-width: 1024px){.kadence-column10_75e95c-13 > .kt-inside-inner-col{flex-direction:column;justify-content:center;}}@media all and (max-width: 767px){.kadence-column10_75e95c-13 > .kt-inside-inner-col{flex-direction:column;justify-content:center;}}<\/style>\n<div class=\"wp-block-kadence-column kadence-column10_75e95c-13\"><div class=\"kt-inside-inner-col\"><style>.wp-block-kadence-advancedheading.kt-adv-heading10_f8f88a-02, .wp-block-kadence-advancedheading.kt-adv-heading10_f8f88a-02[data-kb-block=\"kb-adv-heading10_f8f88a-02\"]{padding-top:var(--global-kb-spacing-sm, 1.5rem);padding-right:var(--global-kb-spacing-sm, 1.5rem);padding-left:var(--global-kb-spacing-md, 2rem);font-weight:400;font-style:normal;font-family:ABeeZee;}.wp-block-kadence-advancedheading.kt-adv-heading10_f8f88a-02 mark.kt-highlight, .wp-block-kadence-advancedheading.kt-adv-heading10_f8f88a-02[data-kb-block=\"kb-adv-heading10_f8f88a-02\"] mark.kt-highlight{font-style:normal;color:#f76a0c;-webkit-box-decoration-break:clone;box-decoration-break:clone;padding-top:0px;padding-right:0px;padding-bottom:0px;padding-left:0px;}<\/style>\n<p class=\"kt-adv-heading10_f8f88a-02 has--font-size wp-block-kadence-advancedheading has-theme-palette-9-color has-text-color\" data-kb-block=\"kb-adv-heading10_f8f88a-02\"><strong>Notre histoire dans le d\u00e9m\u00e9nagement commence depuis plus de 20 ans et notre soci\u00e9t\u00e9 de d\u00e9m\u00e9nagement s\u2019est rapidement impos\u00e9e comme un acteur de confiance dans le domaine du transport et du d\u00e9m\u00e9nagement. Bas\u00e9e \u00e0 78190 Trappes, nous mettons notre savoir-faire et notre professionnalisme au service des particuliers comme des entreprises, partout en France et dans toute l&rsquo;Europe.<\/strong><\/p>\n\n\n<style>.wp-block-kadence-advancedheading.kt-adv-heading10_29a4cc-a9, .wp-block-kadence-advancedheading.kt-adv-heading10_29a4cc-a9[data-kb-block=\"kb-adv-heading10_29a4cc-a9\"]{padding-right:var(--global-kb-spacing-md, 2rem);padding-left:var(--global-kb-spacing-md, 2rem);font-weight:400;font-style:normal;font-family:ABeeZee;}.wp-block-kadence-advancedheading.kt-adv-heading10_29a4cc-a9 mark.kt-highlight, .wp-block-kadence-advancedheading.kt-adv-heading10_29a4cc-a9[data-kb-block=\"kb-adv-heading10_29a4cc-a9\"] mark.kt-highlight{font-style:normal;color:#f76a0c;-webkit-box-decoration-break:clone;box-decoration-break:clone;padding-top:0px;padding-right:0px;padding-bottom:0px;padding-left:0px;}<\/style>\n<p class=\"kt-adv-heading10_29a4cc-a9 wp-block-kadence-advancedheading has-theme-palette-9-color has-text-color\" data-kb-block=\"kb-adv-heading10_29a4cc-a9\"><strong>Notre mission : vous offrir un d\u00e9m\u00e9nagement serein, rapide et s\u00e9curis\u00e9. Gr\u00e2ce \u00e0 une \u00e9quipe exp\u00e9riment\u00e9e, du mat\u00e9riel adapt\u00e9 et un service client r\u00e9actif, nous accompagnons nos clients \u00e0 chaque \u00e9tape : emballage, d\u00e9montage\/remontage, chargement, transport et installation.<\/strong><\/p>\n\n\n<style>.wp-block-kadence-advancedheading.kt-adv-heading10_c12079-cf, .wp-block-kadence-advancedheading.kt-adv-heading10_c12079-cf[data-kb-block=\"kb-adv-heading10_c12079-cf\"]{padding-right:var(--global-kb-spacing-md, 2rem);padding-left:var(--global-kb-spacing-md, 2rem);font-weight:400;font-style:normal;font-family:ABeeZee;}.wp-block-kadence-advancedheading.kt-adv-heading10_c12079-cf mark.kt-highlight, .wp-block-kadence-advancedheading.kt-adv-heading10_c12079-cf[data-kb-block=\"kb-adv-heading10_c12079-cf\"] mark.kt-highlight{font-style:normal;color:#f76a0c;-webkit-box-decoration-break:clone;box-decoration-break:clone;padding-top:0px;padding-right:0px;padding-bottom:0px;padding-left:0px;}<\/style>\n<p class=\"kt-adv-heading10_c12079-cf wp-block-kadence-advancedheading has-theme-palette-9-color has-text-color\" data-kb-block=\"kb-adv-heading10_c12079-cf\"><strong>Depuis notre cr\u00e9ation, nous avons d\u00e9j\u00e0 accompagn\u00e9 des centaines de clients avec une satisfaction toujours au rendez-vous. Que ce soit pour un petit d\u00e9m\u00e9nagement local ou un transfert longue distance, nous nous engageons \u00e0 fournir un service de qualit\u00e9, au meilleur prix.<\/strong><\/p>\n\n\n<style>.wp-block-kadence-advancedheading.kt-adv-heading10_c84137-f1, .wp-block-kadence-advancedheading.kt-adv-heading10_c84137-f1[data-kb-block=\"kb-adv-heading10_c84137-f1\"]{padding-right:var(--global-kb-spacing-5xl, 10rem);text-align:center;font-weight:400;font-style:normal;font-family:ABeeZee;}.wp-block-kadence-advancedheading.kt-adv-heading10_c84137-f1 mark.kt-highlight, .wp-block-kadence-advancedheading.kt-adv-heading10_c84137-f1[data-kb-block=\"kb-adv-heading10_c84137-f1\"] mark.kt-highlight{font-style:normal;color:#f76a0c;-webkit-box-decoration-break:clone;box-decoration-break:clone;padding-top:0px;padding-right:0px;padding-bottom:0px;padding-left:0px;}<\/style>\n<h1 class=\"kt-adv-heading10_c84137-f1 wp-block-kadence-advancedheading has-theme-palette-9-color has-text-color\" data-kb-block=\"kb-adv-heading10_c84137-f1\"><strong>Nos engagements :<\/strong><\/h1>\n\n\n\n<p><\/p>\n\n\n<style>.wp-block-kadence-iconlist.kt-svg-icon-list-items10_3ecc68-e6:not(.this-stops-third-party-issues){margin-top:0px;margin-bottom:0px;}.wp-block-kadence-iconlist.kt-svg-icon-list-items10_3ecc68-e6 ul.kt-svg-icon-list:not(.this-prevents-issues):not(.this-stops-third-party-issues):not(.tijsloc){margin-top:0px;margin-right:0px;margin-bottom:var(--global-kb-spacing-sm, 1.5rem);margin-left:0px;padding-right:var(--global-kb-spacing-sm, 1.5rem);}.wp-block-kadence-iconlist.kt-svg-icon-list-items10_3ecc68-e6 ul.kt-svg-icon-list{grid-row-gap:5px;}.wp-block-kadence-iconlist.kt-svg-icon-list-items10_3ecc68-e6 ul.kt-svg-icon-list .kt-svg-icon-list-item-wrap .kt-svg-icon-list-single{margin-right:10px;}.kt-svg-icon-list-items10_3ecc68-e6 ul.kt-svg-icon-list .kt-svg-icon-list-item-wrap, .kt-svg-icon-list-items10_3ecc68-e6 ul.kt-svg-icon-list .kt-svg-icon-list-item-wrap a{color:var(--global-palette9, #ffffff);color:var(--global-palette9, #ffffff);}.kt-svg-icon-list-items10_3ecc68-e6 ul.kt-svg-icon-list .kt-svg-icon-list-level-0 .kt-svg-icon-list-single svg{font-size:20px;}<\/style>\n<div class=\"wp-block-kadence-iconlist kt-svg-icon-list-items kt-svg-icon-list-items10_3ecc68-e6 kt-svg-icon-list-columns-1 alignright\"><ul class=\"kt-svg-icon-list\"><style>.kt-svg-icon-list-item-10_f3c3d7-d3 .kt-svg-icon-list-single{color:var(--global-palette9, #ffffff) !important;}.kt-svg-icon-list-item-10_f3c3d7-d3 .kt-svg-icon-list-text mark.kt-highlight{background-color:unset;font-style:normal;color:#f76a0c;-webkit-box-decoration-break:clone;box-decoration-break:clone;padding-top:0px;padding-right:0px;padding-bottom:0px;padding-left:0px;}<\/style>\n<li class=\"wp-block-kadence-listitem kt-svg-icon-list-item-wrap kt-svg-icon-list-item-10_f3c3d7-d3 kt-svg-icon-list-level-2\"><span class=\"kb-svg-icon-wrap kb-svg-icon-fe_checkCircle kt-svg-icon-list-single\"><svg viewBox=\"0 0 24 24\"  fill=\"none\" stroke=\"currentColor\" stroke-width=\"2\" stroke-linecap=\"round\" stroke-linejoin=\"round\" xmlns=\"http:\/\/www.w3.org\/2000\/svg\"  aria-hidden=\"true\"><path d=\"M22 11.08V12a10 10 0 1 1-5.93-9.14\"\/><polyline points=\"22 4 12 14.01 9 11.01\"\/><\/svg><\/span><span class=\"kt-svg-icon-list-text\"><strong>Respect des d\u00e9lais<\/strong><\/span><\/li>\n\n\n<style>.kt-svg-icon-list-item-10_c70477-38 .kt-svg-icon-list-single{color:var(--global-palette9, #ffffff) !important;}.kt-svg-icon-list-item-10_c70477-38 .kt-svg-icon-list-text mark.kt-highlight{background-color:unset;font-style:normal;color:#f76a0c;-webkit-box-decoration-break:clone;box-decoration-break:clone;padding-top:0px;padding-right:0px;padding-bottom:0px;padding-left:0px;}<\/style>\n<li class=\"wp-block-kadence-listitem kt-svg-icon-list-item-wrap kt-svg-icon-list-item-10_c70477-38 kt-svg-icon-list-level-2\"><span class=\"kb-svg-icon-wrap kb-svg-icon-fe_checkCircle kt-svg-icon-list-single\"><svg viewBox=\"0 0 24 24\"  fill=\"none\" stroke=\"currentColor\" stroke-width=\"2\" stroke-linecap=\"round\" stroke-linejoin=\"round\" xmlns=\"http:\/\/www.w3.org\/2000\/svg\"  aria-hidden=\"true\"><path d=\"M22 11.08V12a10 10 0 1 1-5.93-9.14\"\/><polyline points=\"22 4 12 14.01 9 11.01\"\/><\/svg><\/span><span class=\"kt-svg-icon-list-text\"><strong>S\u00e9curit\u00e9 de vos biens<\/strong><\/span><\/li>\n\n\n<style>.kt-svg-icon-list-item-10_ec2560-14 .kt-svg-icon-list-single{color:var(--global-palette9, #ffffff) !important;}.kt-svg-icon-list-item-10_ec2560-14 .kt-svg-icon-list-text mark.kt-highlight{background-color:unset;font-style:normal;color:#f76a0c;-webkit-box-decoration-break:clone;box-decoration-break:clone;padding-top:0px;padding-right:0px;padding-bottom:0px;padding-left:0px;}<\/style>\n<li class=\"wp-block-kadence-listitem kt-svg-icon-list-item-wrap kt-svg-icon-list-item-10_ec2560-14 kt-svg-icon-list-level-2\"><span class=\"kb-svg-icon-wrap kb-svg-icon-fe_checkCircle kt-svg-icon-list-single\"><svg viewBox=\"0 0 24 24\"  fill=\"none\" stroke=\"currentColor\" stroke-width=\"2\" stroke-linecap=\"round\" stroke-linejoin=\"round\" xmlns=\"http:\/\/www.w3.org\/2000\/svg\"  aria-hidden=\"true\"><path d=\"M22 11.08V12a10 10 0 1 1-5.93-9.14\"\/><polyline points=\"22 4 12 14.01 9 11.01\"\/><\/svg><\/span><span class=\"kt-svg-icon-list-text\"><strong>Transparence des tarifs<\/strong><\/span><\/li>\n\n\n<style>.kt-svg-icon-list-item-10_e4a1ba-01 .kt-svg-icon-list-single{color:var(--global-palette9, #ffffff) !important;}.kt-svg-icon-list-item-10_e4a1ba-01 .kt-svg-icon-list-text mark.kt-highlight{background-color:unset;font-style:normal;color:#f76a0c;-webkit-box-decoration-break:clone;box-decoration-break:clone;padding-top:0px;padding-right:0px;padding-bottom:0px;padding-left:0px;}<\/style>\n<li class=\"wp-block-kadence-listitem kt-svg-icon-list-item-wrap kt-svg-icon-list-item-10_e4a1ba-01 kt-svg-icon-list-level-2\"><span class=\"kb-svg-icon-wrap kb-svg-icon-fe_checkCircle kt-svg-icon-list-single\"><svg viewBox=\"0 0 24 24\"  fill=\"none\" stroke=\"currentColor\" stroke-width=\"2\" stroke-linecap=\"round\" stroke-linejoin=\"round\" xmlns=\"http:\/\/www.w3.org\/2000\/svg\"  aria-hidden=\"true\"><path d=\"M22 11.08V12a10 10 0 1 1-5.93-9.14\"\/><polyline points=\"22 4 12 14.01 9 11.01\"\/><\/svg><\/span><span class=\"kt-svg-icon-list-text\"><strong>Accompagnement personnalis\u00e9<\/strong><\/span><\/li>\n\n\n<style>.kt-svg-icon-list-item-10_bbfcbc-5f .kt-svg-icon-list-single{color:var(--global-palette9, #ffffff) !important;}.kt-svg-icon-list-item-10_bbfcbc-5f .kt-svg-icon-list-text mark.kt-highlight{background-color:unset;font-style:normal;color:#f76a0c;-webkit-box-decoration-break:clone;box-decoration-break:clone;padding-top:0px;padding-right:0px;padding-bottom:0px;padding-left:0px;}<\/style>\n<li class=\"wp-block-kadence-listitem kt-svg-icon-list-item-wrap kt-svg-icon-list-item-10_bbfcbc-5f kt-svg-icon-list-level-2\"><span class=\"kb-svg-icon-wrap kb-svg-icon-fe_checkCircle kt-svg-icon-list-single\"><svg viewBox=\"0 0 24 24\"  fill=\"none\" stroke=\"currentColor\" stroke-width=\"2\" stroke-linecap=\"round\" stroke-linejoin=\"round\" xmlns=\"http:\/\/www.w3.org\/2000\/svg\"  aria-hidden=\"true\"><path d=\"M22 11.08V12a10 10 0 1 1-5.93-9.14\"\/><polyline points=\"22 4 12 14.01 9 11.01\"\/><\/svg><\/span><span class=\"kt-svg-icon-list-text\"><strong>National et International<\/strong><\/span><\/li>\n\n\n<style>.kt-svg-icon-list-item-10_95ad10-b7 .kt-svg-icon-list-single{color:var(--global-palette9, #ffffff) !important;}.kt-svg-icon-list-item-10_95ad10-b7 .kt-svg-icon-list-text mark.kt-highlight{background-color:unset;font-style:normal;color:#f76a0c;-webkit-box-decoration-break:clone;box-decoration-break:clone;padding-top:0px;padding-right:0px;padding-bottom:0px;padding-left:0px;}<\/style>\n<li class=\"wp-block-kadence-listitem kt-svg-icon-list-item-wrap kt-svg-icon-list-item-10_95ad10-b7 kt-svg-icon-list-level-2\"><span class=\"kb-svg-icon-wrap kb-svg-icon-fe_checkCircle kt-svg-icon-list-single\"><svg viewBox=\"0 0 24 24\"  fill=\"none\" stroke=\"currentColor\" stroke-width=\"2\" stroke-linecap=\"round\" stroke-linejoin=\"round\" xmlns=\"http:\/\/www.w3.org\/2000\/svg\"  aria-hidden=\"true\"><path d=\"M22 11.08V12a10 10 0 1 1-5.93-9.14\"\/><polyline points=\"22 4 12 14.01 9 11.01\"\/><\/svg><\/span><span class=\"kt-svg-icon-list-text\"><strong>Technique d\u2019emballage (Gros-\u0153uvres, manutention lourde)<\/strong><\/span><\/li>\n\n\n<style>.kt-svg-icon-list-item-10_9475a0-30 .kt-svg-icon-list-single{color:var(--global-palette9, #ffffff) !important;}.kt-svg-icon-list-item-10_9475a0-30 .kt-svg-icon-list-text mark.kt-highlight{background-color:unset;font-style:normal;color:#f76a0c;-webkit-box-decoration-break:clone;box-decoration-break:clone;padding-top:0px;padding-right:0px;padding-bottom:0px;padding-left:0px;}<\/style>\n<li class=\"wp-block-kadence-listitem kt-svg-icon-list-item-wrap kt-svg-icon-list-item-10_9475a0-30 kt-svg-icon-list-level-2\"><span class=\"kb-svg-icon-wrap kb-svg-icon-fe_checkCircle kt-svg-icon-list-single\"><svg viewBox=\"0 0 24 24\"  fill=\"none\" stroke=\"currentColor\" stroke-width=\"2\" stroke-linecap=\"round\" stroke-linejoin=\"round\" xmlns=\"http:\/\/www.w3.org\/2000\/svg\"  aria-hidden=\"true\"><path d=\"M22 11.08V12a10 10 0 1 1-5.93-9.14\"\/><polyline points=\"22 4 12 14.01 9 11.01\"\/><\/svg><\/span><span class=\"kt-svg-icon-list-text\"><strong>Pas de sous-traitance, toutes nos prestations sont assur\u00e9s par nos professionnels internes<\/strong><\/span><\/li>\n<\/ul><\/div>\n\n\n<style>.wp-block-kadence-advancedheading.kt-adv-heading10_481a8e-21, .wp-block-kadence-advancedheading.kt-adv-heading10_481a8e-21[data-kb-block=\"kb-adv-heading10_481a8e-21\"]{font-style:normal;}.wp-block-kadence-advancedheading.kt-adv-heading10_481a8e-21 mark.kt-highlight, .wp-block-kadence-advancedheading.kt-adv-heading10_481a8e-21[data-kb-block=\"kb-adv-heading10_481a8e-21\"] mark.kt-highlight{font-style:normal;color:#f76a0c;-webkit-box-decoration-break:clone;box-decoration-break:clone;padding-top:0px;padding-right:0px;padding-bottom:0px;padding-left:0px;}<\/style>\n<h2 class=\"kt-adv-heading10_481a8e-21 wp-block-kadence-advancedheading\" data-kb-block=\"kb-adv-heading10_481a8e-21\"><\/h2>\n\n\n\n<p><\/p>\n\n\n\n<p><\/p>\n\n\n\n<p><\/p>\n\n\n\n<p><\/p>\n\n\n\n<p><\/p>\n\n\n\n<p><\/p>\n<\/div><\/div>\n","protected":false},"excerpt":{"rendered":"<p>Notre histoire dans le d\u00e9m\u00e9nagement commence depuis plus de 20 ans et notre soci\u00e9t\u00e9 de d\u00e9m\u00e9nagement s\u2019est rapidement impos\u00e9e comme un acteur de confiance dans le domaine du transport et du d\u00e9m\u00e9nagement. Bas\u00e9e \u00e0 78190 Trappes, nous mettons notre savoir-faire et notre professionnalisme au service des particuliers comme des entreprises, partout en France et dans&#8230;<\/p>\n","protected":false},"author":1,"featured_media":0,"parent":0,"menu_order":0,"comment_status":"closed","ping_status":"closed","template":"","meta":{"_kadence_starter_templates_imported_post":false,"_kad_post_transparent":"","_kad_post_title":"","_kad_post_layout":"","_kad_post_sidebar_id":"","_kad_post_content_style":"","_kad_post_vertical_padding":"","_kad_post_feature":"","_kad_post_feature_position":"","_kad_post_header":false,"_kad_post_footer":false,"_kad_post_classname":"","footnotes":""},"class_list":["post-10","page","type-page","status-publish","hentry"],"_links":{"self":[{"href":"https:\/\/www.grouzavic.com\/index.php\/wp-json\/wp\/v2\/pages\/10","targetHints":{"allow":["GET"]}}],"collection":[{"href":"https:\/\/www.grouzavic.com\/index.php\/wp-json\/wp\/v2\/pages"}],"about":[{"href":"https:\/\/www.grouzavic.com\/index.php\/wp-json\/wp\/v2\/types\/page"}],"author":[{"embeddable":true,"href":"https:\/\/www.grouzavic.com\/index.php\/wp-json\/wp\/v2\/users\/1"}],"replies":[{"embeddable":true,"href":"https:\/\/www.grouzavic.com\/index.php\/wp-json\/wp\/v2\/comments?post=10"}],"version-history":[{"count":21,"href":"https:\/\/www.grouzavic.com\/index.php\/wp-json\/wp\/v2\/pages\/10\/revisions"}],"predecessor-version":[{"id":396,"href":"https:\/\/www.grouzavic.com\/index.php\/wp-json\/wp\/v2\/pages\/10\/revisions\/396"}],"wp:attachment":[{"href":"https:\/\/www.grouzavic.com\/index.php\/wp-json\/wp\/v2\/media?parent=10"}],"curies":[{"name":"wp","href":"https:\/\/api.w.org\/{rel}","templated":true}]}}